{"id":118,"date":"2025-06-03T14:44:11","date_gmt":"2025-06-03T12:44:11","guid":{"rendered":"https:\/\/www.landeserntedankfest.de\/?page_id=118"},"modified":"2025-08-20T08:40:33","modified_gmt":"2025-08-20T06:40:33","slug":"impressum","status":"publish","type":"page","link":"https:\/\/www.landeserntedankfest.de\/?page_id=118","title":{"rendered":"Impressum"},"content":{"rendered":"\t\t<div data-elementor-type=\"wp-page\" data-elementor-id=\"118\" class=\"elementor elementor-118\" data-elementor-post-type=\"page\">\n\t\t\t\t<div class=\"elementor-element elementor-element-6100550e e-flex e-con-boxed e-con e-parent\" data-id=\"6100550e\" data-element_type=\"container\" data-settings=\"{&quot;background_background&quot;:&quot;classic&quot;,&quot;shape_divider_bottom&quot;:&quot;mountains&quot;}\">\n\t\t\t\t\t<div class=\"e-con-inner\">\n\t\t\t\t<div class=\"elementor-shape elementor-shape-bottom\" aria-hidden=\"true\" data-negative=\"false\">\n\t\t\t<svg xmlns=\"http:\/\/www.w3.org\/2000\/svg\" viewBox=\"0 0 1000 100\" preserveAspectRatio=\"none\">\n\t<path class=\"elementor-shape-fill\" opacity=\"0.33\" d=\"M473,67.3c-203.9,88.3-263.1-34-320.3,0C66,119.1,0,59.7,0,59.7V0h1000v59.7 c0,0-62.1,26.1-94.9,29.3c-32.8,3.3-62.8-12.3-75.8-22.1C806,49.6,745.3,8.7,694.9,4.7S492.4,59,473,67.3z\"\/>\n\t<path class=\"elementor-shape-fill\" opacity=\"0.66\" d=\"M734,67.3c-45.5,0-77.2-23.2-129.1-39.1c-28.6-8.7-150.3-10.1-254,39.1 s-91.7-34.4-149.2,0C115.7,118.3,0,39.8,0,39.8V0h1000v36.5c0,0-28.2-18.5-92.1-18.5C810.2,18.1,775.7,67.3,734,67.3z\"\/>\n\t<path class=\"elementor-shape-fill\" d=\"M766.1,28.9c-200-57.5-266,65.5-395.1,19.5C242,1.8,242,5.4,184.8,20.6C128,35.8,132.3,44.9,89.9,52.5C28.6,63.7,0,0,0,0 h1000c0,0-9.9,40.9-83.6,48.1S829.6,47,766.1,28.9z\"\/>\n<\/svg>\t\t<\/div>\n\t\t\t\t<div class=\"elementor-element elementor-element-1a87070f elementor-widget elementor-widget-heading\" data-id=\"1a87070f\" data-element_type=\"widget\" data-widget_type=\"heading.default\">\n\t\t\t\t<div class=\"elementor-widget-container\">\n\t\t\t\t\t<h2 class=\"elementor-heading-title elementor-size-default\">Impressum<\/h2>\t\t\t\t<\/div>\n\t\t\t\t<\/div>\n\t\t<div class=\"elementor-element elementor-element-5b185c1e e-con-full e-flex e-con e-child\" data-id=\"5b185c1e\" data-element_type=\"container\">\n\t\t\t\t<div class=\"elementor-element elementor-element-1ece2efa elementor-widget elementor-widget-text-editor\" data-id=\"1ece2efa\" data-element_type=\"widget\" data-widget_type=\"text-editor.default\">\n\t\t\t\t<div class=\"elementor-widget-container\">\n\t\t\t\t\t\t\t\t\t<h2 data-start=\"239\" data-end=\"255\"><strong data-start=\"242\" data-end=\"255\">Impressum<\/strong><\/h2><h3 data-start=\"257\" data-end=\"301\">Angaben gem\u00e4\u00df \u00a7 5 TMG (Telemediengesetz)<\/h3><p data-start=\"303\" data-end=\"457\"><strong data-start=\"303\" data-end=\"352\">Verantwortlich f\u00fcr den Inhalt dieser Website:<\/strong><br data-start=\"352\" data-end=\"355\" \/><strong data-start=\"355\" data-end=\"406\">Landeserntedankfest Mecklenburg-Vorpommern 2025<\/strong><br data-start=\"406\" data-end=\"409\" \/>vertreten durch die drei ausrichtenden Kommunen:<\/p><p data-start=\"464\" data-end=\"684\"><strong data-start=\"464\" data-end=\"497\">Landkreis Nordwestmecklenburg<\/strong><br data-start=\"497\" data-end=\"500\" \/>Der Landrat<br data-start=\"511\" data-end=\"514\" \/>Rostocker Stra\u00dfe 76<br data-start=\"533\" data-end=\"536\" \/>23970 Wismar<br data-start=\"548\" data-end=\"551\" \/>Telefon: 03841 3040<br data-start=\"570\" data-end=\"573\" \/>E-Mail: <a class=\"cursor-pointer\" rel=\"noopener\" data-start=\"581\" data-end=\"608\">info@nordwestmecklenburg.de<\/a><br data-start=\"608\" data-end=\"611\" \/>Website: www.nordwestmecklenburg.de<\/p><p data-start=\"691\" data-end=\"858\"><strong data-start=\"691\" data-end=\"712\">Hansestadt Wismar<\/strong><br data-start=\"712\" data-end=\"715\" \/>Der B\u00fcrgermeister<br \/>Postfach 1245<br data-start=\"732\" data-end=\"735\" \/>Am Markt 1 (Rathaus)<br data-start=\"745\" data-end=\"748\" \/>23952 Wismar<br data-start=\"760\" data-end=\"763\" \/>Telefon: 03841 251-0<br data-start=\"783\" data-end=\"786\" \/>E-Mail: <a class=\"cursor-pointer\" rel=\"noopener\" data-start=\"794\" data-end=\"808\">bsc@wismar.de (B\u00fcrgerServiceCenter)<\/a><br data-start=\"808\" data-end=\"811\" \/>Website: www.wismar.de<\/p><p data-start=\"865\" data-end=\"1060\"><strong data-start=\"865\" data-end=\"888\">Gemeinde Insel Poel<\/strong><br data-start=\"888\" data-end=\"891\" \/>Die B\u00fcrgermeisterin<br data-start=\"908\" data-end=\"911\" \/>Gemeindezentrum 13<br data-start=\"931\" data-end=\"934\" \/>23999 Insel Poel OT Kirchdorf<br data-start=\"950\" data-end=\"953\" \/>Telefon: 038425 2030<br data-start=\"973\" data-end=\"976\" \/>E-Mail: touristinfo@insel-poel.de<br data-start=\"1002\" data-end=\"1005\" \/>Website: www.insel-poel.de<\/p><h3 data-start=\"1067\" data-end=\"1101\">Redaktionelle Verantwortung:<\/h3><p data-start=\"1102\" data-end=\"1163\">Landkreis Nordwestmecklenburg<br \/>Rostocker Stra\u00dfe 76<br \/>23970 Wismar<\/p><h3 data-start=\"1170\" data-end=\"1209\">Gestaltung &amp; Technische Umsetzung<\/h3><p data-start=\"1210\" data-end=\"1334\">Hannes Gilles &amp; Robert Hempel<\/p><h3 data-start=\"1341\" data-end=\"1365\">Haftungsausschluss<\/h3><p data-start=\"1366\" data-end=\"1553\">Trotz sorgf\u00e4ltiger inhaltlicher Kontrolle \u00fcbernehmen wir keine Haftung f\u00fcr die Inhalte externer Links. F\u00fcr den Inhalt verlinkter Seiten sind ausschlie\u00dflich deren Betreiber verantwortlich.<\/p><h3 data-start=\"1560\" data-end=\"1578\">Urheberrecht<\/h3><p data-start=\"1579\" data-end=\"1765\">Die Inhalte dieser Website (Texte, Bilder, Grafiken, Design) sind urheberrechtlich gesch\u00fctzt. Eine Verwendung bedarf der vorherigen schriftlichen Zustimmung der jeweiligen Rechteinhaber.<\/p>\t\t\t\t\t\t\t\t<\/div>\n\t\t\t\t<\/div>\n\t\t\t\t<\/div>\n\t\t\t\t\t<\/div>\n\t\t\t\t<\/div>\n\t\t\t\t<\/div>\n\t\t","protected":false},"excerpt":{"rendered":"<p>Impressum Impressum Angaben gem\u00e4\u00df \u00a7 5 TMG (Telemediengesetz) Verantwortlich f\u00fcr den Inhalt dieser Website:Landeserntedankfest Mecklenburg-Vorpommern 2025vertreten durch die drei ausrichtenden Kommunen: Landkreis NordwestmecklenburgDer LandratRostocker Stra\u00dfe 7623970 WismarTelefon: 03841 3040E-Mail: info@nordwestmecklenburg.deWebsite: www.nordwestmecklenburg.de Hansestadt WismarDer B\u00fcrgermeisterPostfach 1245Am Markt 1 (Rathaus)23952 WismarTelefon: 03841 251-0E-Mail: bsc@wismar.de (B\u00fcrgerServiceCenter)Website: www.wismar.de Gemeinde Insel PoelDie B\u00fcrgermeisterinGemeindezentrum 1323999 Insel Poel OT KirchdorfTelefon: 038425 2030E-Mail: [&hellip;]<\/p>\n","protected":false},"author":2,"featured_media":0,"parent":0,"menu_order":0,"comment_status":"closed","ping_status":"closed","template":"","meta":{"footnotes":""},"class_list":["post-118","page","type-page","status-publish","hentry"],"yoast_head":"<!-- This site is optimized with the Yoast SEO plugin v25.8 - https:\/\/yoast.com\/wordpress\/plugins\/seo\/ -->\n<title>Impressum - Landeserntedankfest 2025<\/title>\n<meta name=\"robots\" content=\"index, follow, max-snippet:-1, max-image-preview:large, max-video-preview:-1\" \/>\n<link rel=\"canonical\" href=\"https:\/\/www.landeserntedankfest.de\/?page_id=118\" \/>\n<meta property=\"og:locale\" content=\"de_DE\" \/>\n<meta property=\"og:type\" content=\"article\" \/>\n<meta property=\"og:title\" content=\"Impressum - Landeserntedankfest 2025\" \/>\n<meta property=\"og:description\" content=\"Impressum Impressum Angaben gem\u00e4\u00df \u00a7 5 TMG (Telemediengesetz) Verantwortlich f\u00fcr den Inhalt dieser Website:Landeserntedankfest Mecklenburg-Vorpommern 2025vertreten durch die drei ausrichtenden Kommunen: Landkreis NordwestmecklenburgDer LandratRostocker Stra\u00dfe 7623970 WismarTelefon: 03841 3040E-Mail: info@nordwestmecklenburg.deWebsite: www.nordwestmecklenburg.de Hansestadt WismarDer B\u00fcrgermeisterPostfach 1245Am Markt 1 (Rathaus)23952 WismarTelefon: 03841 251-0E-Mail: bsc@wismar.de (B\u00fcrgerServiceCenter)Website: www.wismar.de Gemeinde Insel PoelDie B\u00fcrgermeisterinGemeindezentrum 1323999 Insel Poel OT KirchdorfTelefon: 038425 2030E-Mail: [&hellip;]\" \/>\n<meta property=\"og:url\" content=\"https:\/\/www.landeserntedankfest.de\/?page_id=118\" \/>\n<meta property=\"og:site_name\" content=\"Landeserntedankfest 2025\" \/>\n<meta property=\"article:modified_time\" content=\"2025-08-20T06:40:33+00:00\" \/>\n<meta name=\"twitter:card\" content=\"summary_large_image\" \/>\n<meta name=\"twitter:label1\" content=\"Gesch\u00e4tzte Lesezeit\" \/>\n\t<meta name=\"twitter:data1\" content=\"1\u00a0Minute\" \/>\n<script type=\"application\/ld+json\" class=\"yoast-schema-graph\">{\"@context\":\"https:\/\/schema.org\",\"@graph\":[{\"@type\":\"WebPage\",\"@id\":\"https:\/\/www.landeserntedankfest.de\/?page_id=118\",\"url\":\"https:\/\/www.landeserntedankfest.de\/?page_id=118\",\"name\":\"Impressum - Landeserntedankfest 2025\",\"isPartOf\":{\"@id\":\"https:\/\/www.landeserntedankfest.de\/#website\"},\"datePublished\":\"2025-06-03T12:44:11+00:00\",\"dateModified\":\"2025-08-20T06:40:33+00:00\",\"breadcrumb\":{\"@id\":\"https:\/\/www.landeserntedankfest.de\/?page_id=118#breadcrumb\"},\"inLanguage\":\"de\",\"potentialAction\":[{\"@type\":\"ReadAction\",\"target\":[\"https:\/\/www.landeserntedankfest.de\/?page_id=118\"]}]},{\"@type\":\"BreadcrumbList\",\"@id\":\"https:\/\/www.landeserntedankfest.de\/?page_id=118#breadcrumb\",\"itemListElement\":[{\"@type\":\"ListItem\",\"position\":1,\"name\":\"Startseite\",\"item\":\"https:\/\/www.landeserntedankfest.de\/\"},{\"@type\":\"ListItem\",\"position\":2,\"name\":\"Impressum\"}]},{\"@type\":\"WebSite\",\"@id\":\"https:\/\/www.landeserntedankfest.de\/#website\",\"url\":\"https:\/\/www.landeserntedankfest.de\/\",\"name\":\"Landeserntedankfest 2025\",\"description\":\"Mecklenburg-Vorpommern feiert das 34. Landeserntedankfest in diesem Jahr in Nordwestmecklenburg. Das Fest findet am 4. und 5. Oktober 2025 in der Hansestadt Wismar und auf der Insel Poel statt.\",\"publisher\":{\"@id\":\"https:\/\/www.landeserntedankfest.de\/#organization\"},\"potentialAction\":[{\"@type\":\"SearchAction\",\"target\":{\"@type\":\"EntryPoint\",\"urlTemplate\":\"https:\/\/www.landeserntedankfest.de\/?s={search_term_string}\"},\"query-input\":{\"@type\":\"PropertyValueSpecification\",\"valueRequired\":true,\"valueName\":\"search_term_string\"}}],\"inLanguage\":\"de\"},{\"@type\":\"Organization\",\"@id\":\"https:\/\/www.landeserntedankfest.de\/#organization\",\"name\":\"Landeserntedankfest 2025\",\"url\":\"https:\/\/www.landeserntedankfest.de\/\",\"logo\":{\"@type\":\"ImageObject\",\"inLanguage\":\"de\",\"@id\":\"https:\/\/www.landeserntedankfest.de\/#\/schema\/logo\/image\/\",\"url\":\"https:\/\/www.landeserntedankfest.de\/wp-content\/uploads\/2025\/06\/cropped-Element-1@300x-scaled-1.webp\",\"contentUrl\":\"https:\/\/www.landeserntedankfest.de\/wp-content\/uploads\/2025\/06\/cropped-Element-1@300x-scaled-1.webp\",\"width\":2560,\"height\":1026,\"caption\":\"Landeserntedankfest 2025\"},\"image\":{\"@id\":\"https:\/\/www.landeserntedankfest.de\/#\/schema\/logo\/image\/\"}}]}<\/script>\n<!-- \/ Yoast SEO plugin. -->","yoast_head_json":{"title":"Impressum - Landeserntedankfest 2025","robots":{"index":"index","follow":"follow","max-snippet":"max-snippet:-1","max-image-preview":"max-image-preview:large","max-video-preview":"max-video-preview:-1"},"canonical":"https:\/\/www.landeserntedankfest.de\/?page_id=118","og_locale":"de_DE","og_type":"article","og_title":"Impressum - Landeserntedankfest 2025","og_description":"Impressum Impressum Angaben gem\u00e4\u00df \u00a7 5 TMG (Telemediengesetz) Verantwortlich f\u00fcr den Inhalt dieser Website:Landeserntedankfest Mecklenburg-Vorpommern 2025vertreten durch die drei ausrichtenden Kommunen: Landkreis NordwestmecklenburgDer LandratRostocker Stra\u00dfe 7623970 WismarTelefon: 03841 3040E-Mail: info@nordwestmecklenburg.deWebsite: www.nordwestmecklenburg.de Hansestadt WismarDer B\u00fcrgermeisterPostfach 1245Am Markt 1 (Rathaus)23952 WismarTelefon: 03841 251-0E-Mail: bsc@wismar.de (B\u00fcrgerServiceCenter)Website: www.wismar.de Gemeinde Insel PoelDie B\u00fcrgermeisterinGemeindezentrum 1323999 Insel Poel OT KirchdorfTelefon: 038425 2030E-Mail: [&hellip;]","og_url":"https:\/\/www.landeserntedankfest.de\/?page_id=118","og_site_name":"Landeserntedankfest 2025","article_modified_time":"2025-08-20T06:40:33+00:00","twitter_card":"summary_large_image","twitter_misc":{"Gesch\u00e4tzte Lesezeit":"1\u00a0Minute"},"schema":{"@context":"https:\/\/schema.org","@graph":[{"@type":"WebPage","@id":"https:\/\/www.landeserntedankfest.de\/?page_id=118","url":"https:\/\/www.landeserntedankfest.de\/?page_id=118","name":"Impressum - Landeserntedankfest 2025","isPartOf":{"@id":"https:\/\/www.landeserntedankfest.de\/#website"},"datePublished":"2025-06-03T12:44:11+00:00","dateModified":"2025-08-20T06:40:33+00:00","breadcrumb":{"@id":"https:\/\/www.landeserntedankfest.de\/?page_id=118#breadcrumb"},"inLanguage":"de","potentialAction":[{"@type":"ReadAction","target":["https:\/\/www.landeserntedankfest.de\/?page_id=118"]}]},{"@type":"BreadcrumbList","@id":"https:\/\/www.landeserntedankfest.de\/?page_id=118#breadcrumb","itemListElement":[{"@type":"ListItem","position":1,"name":"Startseite","item":"https:\/\/www.landeserntedankfest.de\/"},{"@type":"ListItem","position":2,"name":"Impressum"}]},{"@type":"WebSite","@id":"https:\/\/www.landeserntedankfest.de\/#website","url":"https:\/\/www.landeserntedankfest.de\/","name":"Landeserntedankfest 2025","description":"Mecklenburg-Vorpommern feiert das 34. Landeserntedankfest in diesem Jahr in Nordwestmecklenburg. Das Fest findet am 4. und 5. Oktober 2025 in der Hansestadt Wismar und auf der Insel Poel statt.","publisher":{"@id":"https:\/\/www.landeserntedankfest.de\/#organization"},"potentialAction":[{"@type":"SearchAction","target":{"@type":"EntryPoint","urlTemplate":"https:\/\/www.landeserntedankfest.de\/?s={search_term_string}"},"query-input":{"@type":"PropertyValueSpecification","valueRequired":true,"valueName":"search_term_string"}}],"inLanguage":"de"},{"@type":"Organization","@id":"https:\/\/www.landeserntedankfest.de\/#organization","name":"Landeserntedankfest 2025","url":"https:\/\/www.landeserntedankfest.de\/","logo":{"@type":"ImageObject","inLanguage":"de","@id":"https:\/\/www.landeserntedankfest.de\/#\/schema\/logo\/image\/","url":"https:\/\/www.landeserntedankfest.de\/wp-content\/uploads\/2025\/06\/cropped-Element-1@300x-scaled-1.webp","contentUrl":"https:\/\/www.landeserntedankfest.de\/wp-content\/uploads\/2025\/06\/cropped-Element-1@300x-scaled-1.webp","width":2560,"height":1026,"caption":"Landeserntedankfest 2025"},"image":{"@id":"https:\/\/www.landeserntedankfest.de\/#\/schema\/logo\/image\/"}}]}},"_links":{"self":[{"href":"https:\/\/www.landeserntedankfest.de\/index.php?rest_route=\/wp\/v2\/pages\/118","targetHints":{"allow":["GET"]}}],"collection":[{"href":"https:\/\/www.landeserntedankfest.de\/index.php?rest_route=\/wp\/v2\/pages"}],"about":[{"href":"https:\/\/www.landeserntedankfest.de\/index.php?rest_route=\/wp\/v2\/types\/page"}],"author":[{"embeddable":true,"href":"https:\/\/www.landeserntedankfest.de\/index.php?rest_route=\/wp\/v2\/users\/2"}],"replies":[{"embeddable":true,"href":"https:\/\/www.landeserntedankfest.de\/index.php?rest_route=%2Fwp%2Fv2%2Fcomments&post=118"}],"version-history":[{"count":16,"href":"https:\/\/www.landeserntedankfest.de\/index.php?rest_route=\/wp\/v2\/pages\/118\/revisions"}],"predecessor-version":[{"id":316,"href":"https:\/\/www.landeserntedankfest.de\/index.php?rest_route=\/wp\/v2\/pages\/118\/revisions\/316"}],"wp:attachment":[{"href":"https:\/\/www.landeserntedankfest.de\/index.php?rest_route=%2Fwp%2Fv2%2Fmedia&parent=118"}],"curies":[{"name":"wp","href":"https:\/\/api.w.org\/{rel}","templated":true}]}}